{"id":772,"date":"2023-12-22T10:49:25","date_gmt":"2023-12-22T09:49:25","guid":{"rendered":"https:\/\/www.atelier-alphega.com\/terms-of-use\/"},"modified":"2025-02-25T16:59:41","modified_gmt":"2025-02-25T15:59:41","slug":"terms-of-use","status":"publish","type":"page","link":"https:\/\/www.atelier-alphega.com\/en\/terms-of-use\/","title":{"rendered":"Terms of use"},"content":{"rendered":"<h2>Site published by Ekypia on behalf of Atelier Alphega<\/h2>\n<p>Atelier Alphega<\/p>\n<p>Manager : Mr Louis Castelli<\/p>\n<p>15 rue des Fr\u00e8res Lumi\u00e8re<br \/>\n68058 Mulhouse<\/p>\n<p>SIRET: 81129143400033<br \/>\nSIREN: 811291434<br \/>\nAPE code: Manufacture of other furniture and related furnishing industries (3109B)<\/p>\n<h2>Design<\/h2>\n<p>Graphic design and website production: <a href=\"https:\/\/www.ekypia.fr\/\" target=\"_blank\" rel=\"noopener\">Ekypia<\/a><br \/>\nPhoto credits: Atelier Alphega, Adobe Stock, Pexels, Unsplash, Freepik.<\/p>\n<h2>Hosting<\/h2>\n<p>Site hosted by OVH SAS<\/p>\n<p>OVH SAS<br \/>\n140, quai du Sartel<br \/>\n59100 Roubaix<\/p>\n<h2>Intellectual property<\/h2>\n<p>The user undertakes not to reproduce, summarize, modify, alter or redistribute any text, title, application, logo, trademark, information or illustration for any purpose other than strictly private, which excludes any representation for professional purposes or mass redistribution. Similarly, the user undertakes not to copy all or part of the site or an internal company network.<\/p>\n<h2>Site content<\/h2>\n<p>The site, texts, images, sounds, photos, graphics, downloadable files and more generally all objects contained in the site are the exclusive property of Atelier Alphega and\/or the authors mentioned. This site and its components are protected by French law and international conventions on copyright and intellectual property.<\/p>\n<p>Reproduction of the site or its individual components is prohibited without the express prior authorization of the publication director. Any authorized reproduction or quotation must mention the name of the author and the source.<\/p>\n<h2>Personal data and right of rectification<\/h2>\n<p>In accordance with the French Data Protection Act no. 78-17 of January 6, 1978, you have the right to access, modify, rectify or delete your personal data by contacting :<\/p>\n<h2>Atelier Alphega<\/h2>\n<p>15 RUE DES FRERES LUMIERE 68350 BRUNSTATT-DIDENHEIM<br \/>\nTel:  <a href=\"tel:+33389541259\">+33 (0)3 89 54 12 59<\/a><br \/>\nMail :  <a href=\"mailto:contact@atelier-alphega.com\">contact@atelier-alphega.com<\/a><\/p>\n","protected":false},"excerpt":{"rendered":"<p>Site published by Ekypia on behalf of Atelier Alphega Atelier Alphega Manager : Mr Louis Castelli 15 rue des Fr\u00e8res Lumi\u00e8re 68058 Mulhouse SIRET: 81129143400033 SIREN: 811291434 APE code: Manufacture of other furniture and related furnishing industries (3109B) Design Graphic design and website production: Ekypia Photo credits: Atelier Alphega, Adobe Stock, Pexels, Unsplash, Freepik. Hosting [&hellip;]<\/p>\n","protected":false},"author":1,"featured_media":0,"parent":0,"menu_order":0,"comment_status":"closed","ping_status":"closed","template":"template-parts\/mentions.php","meta":{"footnotes":""},"class_list":["post-772","page","type-page","status-publish","hentry"],"acf":[],"yoast_head":"<!-- This site is optimized with the Yoast SEO plugin v22.0 - https:\/\/yoast.com\/wordpress\/plugins\/seo\/ -->\n<title>Terms of use - Atelier Alphega<\/title>\n<meta name=\"robots\" content=\"index, follow, max-snippet:-1, max-image-preview:large, max-video-preview:-1\" \/>\n<link rel=\"canonical\" href=\"https:\/\/www.atelier-alphega.com\/en\/terms-of-use\/\" \/>\n<meta property=\"og:locale\" content=\"en_US\" \/>\n<meta property=\"og:type\" content=\"article\" \/>\n<meta property=\"og:title\" content=\"Terms of use - Atelier Alphega\" \/>\n<meta property=\"og:description\" content=\"Site published by Ekypia on behalf of Atelier Alphega Atelier Alphega Manager : Mr Louis Castelli 15 rue des Fr\u00e8res Lumi\u00e8re 68058 Mulhouse SIRET: 81129143400033 SIREN: 811291434 APE code: Manufacture of other furniture and related furnishing industries (3109B) Design Graphic design and website production: Ekypia Photo credits: Atelier Alphega, Adobe Stock, Pexels, Unsplash, Freepik. Hosting [&hellip;]\" \/>\n<meta property=\"og:url\" content=\"https:\/\/www.atelier-alphega.com\/en\/terms-of-use\/\" \/>\n<meta property=\"og:site_name\" content=\"Atelier Alphega\" \/>\n<meta property=\"article:publisher\" content=\"https:\/\/www.facebook.com\/atelierzorn\" \/>\n<meta property=\"article:modified_time\" content=\"2025-02-25T15:59:41+00:00\" \/>\n<meta name=\"twitter:card\" content=\"summary_large_image\" \/>\n<meta name=\"twitter:label1\" content=\"Est. reading time\" \/>\n\t<meta name=\"twitter:data1\" content=\"1 minute\" \/>\n<script type=\"application\/ld+json\" class=\"yoast-schema-graph\">{\"@context\":\"https:\/\/schema.org\",\"@graph\":[{\"@type\":\"WebPage\",\"@id\":\"https:\/\/www.atelier-alphega.com\/en\/terms-of-use\/\",\"url\":\"https:\/\/www.atelier-alphega.com\/en\/terms-of-use\/\",\"name\":\"Terms of use - Atelier Alphega\",\"isPartOf\":{\"@id\":\"https:\/\/www.atelier-alphega.com\/en\/#website\"},\"datePublished\":\"2023-12-22T09:49:25+00:00\",\"dateModified\":\"2025-02-25T15:59:41+00:00\",\"breadcrumb\":{\"@id\":\"https:\/\/www.atelier-alphega.com\/en\/terms-of-use\/#breadcrumb\"},\"inLanguage\":\"en-US\",\"potentialAction\":[{\"@type\":\"ReadAction\",\"target\":[\"https:\/\/www.atelier-alphega.com\/en\/terms-of-use\/\"]}]},{\"@type\":\"BreadcrumbList\",\"@id\":\"https:\/\/www.atelier-alphega.com\/en\/terms-of-use\/#breadcrumb\",\"itemListElement\":[{\"@type\":\"ListItem\",\"position\":1,\"name\":\"Accueil\",\"item\":\"https:\/\/www.atelier-alphega.com\/en\/\"},{\"@type\":\"ListItem\",\"position\":2,\"name\":\"Terms of use\"}]},{\"@type\":\"WebSite\",\"@id\":\"https:\/\/www.atelier-alphega.com\/en\/#website\",\"url\":\"https:\/\/www.atelier-alphega.com\/en\/\",\"name\":\"Atelier Alphega\",\"description\":\"Cr\u00e9ation et r\u00e9alisation en \u00e9b\u00e9nisterie depuis 1935\",\"publisher\":{\"@id\":\"https:\/\/www.atelier-alphega.com\/en\/#organization\"},\"potentialAction\":[{\"@type\":\"SearchAction\",\"target\":{\"@type\":\"EntryPoint\",\"urlTemplate\":\"https:\/\/www.atelier-alphega.com\/en\/?s={search_term_string}\"},\"query-input\":\"required name=search_term_string\"}],\"inLanguage\":\"en-US\"},{\"@type\":\"Organization\",\"@id\":\"https:\/\/www.atelier-alphega.com\/en\/#organization\",\"name\":\"Atelier Alphega\",\"url\":\"https:\/\/www.atelier-alphega.com\/en\/\",\"logo\":{\"@type\":\"ImageObject\",\"inLanguage\":\"en-US\",\"@id\":\"https:\/\/www.atelier-alphega.com\/en\/#\/schema\/logo\/image\/\",\"url\":\"https:\/\/www.atelier-alphega.com\/wp-content\/uploads\/2025\/03\/atelier-alphega.svg\",\"contentUrl\":\"https:\/\/www.atelier-alphega.com\/wp-content\/uploads\/2025\/03\/atelier-alphega.svg\",\"width\":104,\"height\":45,\"caption\":\"Atelier Alphega\"},\"image\":{\"@id\":\"https:\/\/www.atelier-alphega.com\/en\/#\/schema\/logo\/image\/\"},\"sameAs\":[\"https:\/\/www.facebook.com\/atelierzorn\",\"https:\/\/www.linkedin.com\/company\/atelier-zorn\/\",\"https:\/\/www.instagram.com\/atelierzorn\/\",\"https:\/\/www.youtube.com\/@atelierzorn\"]}]}<\/script>\n<!-- \/ Yoast SEO plugin. -->","yoast_head_json":{"title":"Terms of use - Atelier Alphega","robots":{"index":"index","follow":"follow","max-snippet":"max-snippet:-1","max-image-preview":"max-image-preview:large","max-video-preview":"max-video-preview:-1"},"canonical":"https:\/\/www.atelier-alphega.com\/en\/terms-of-use\/","og_locale":"en_US","og_type":"article","og_title":"Terms of use - Atelier Alphega","og_description":"Site published by Ekypia on behalf of Atelier Alphega Atelier Alphega Manager : Mr Louis Castelli 15 rue des Fr\u00e8res Lumi\u00e8re 68058 Mulhouse SIRET: 81129143400033 SIREN: 811291434 APE code: Manufacture of other furniture and related furnishing industries (3109B) Design Graphic design and website production: Ekypia Photo credits: Atelier Alphega, Adobe Stock, Pexels, Unsplash, Freepik. Hosting [&hellip;]","og_url":"https:\/\/www.atelier-alphega.com\/en\/terms-of-use\/","og_site_name":"Atelier Alphega","article_publisher":"https:\/\/www.facebook.com\/atelierzorn","article_modified_time":"2025-02-25T15:59:41+00:00","twitter_card":"summary_large_image","twitter_misc":{"Est. reading time":"1 minute"},"schema":{"@context":"https:\/\/schema.org","@graph":[{"@type":"WebPage","@id":"https:\/\/www.atelier-alphega.com\/en\/terms-of-use\/","url":"https:\/\/www.atelier-alphega.com\/en\/terms-of-use\/","name":"Terms of use - Atelier Alphega","isPartOf":{"@id":"https:\/\/www.atelier-alphega.com\/en\/#website"},"datePublished":"2023-12-22T09:49:25+00:00","dateModified":"2025-02-25T15:59:41+00:00","breadcrumb":{"@id":"https:\/\/www.atelier-alphega.com\/en\/terms-of-use\/#breadcrumb"},"inLanguage":"en-US","potentialAction":[{"@type":"ReadAction","target":["https:\/\/www.atelier-alphega.com\/en\/terms-of-use\/"]}]},{"@type":"BreadcrumbList","@id":"https:\/\/www.atelier-alphega.com\/en\/terms-of-use\/#breadcrumb","itemListElement":[{"@type":"ListItem","position":1,"name":"Accueil","item":"https:\/\/www.atelier-alphega.com\/en\/"},{"@type":"ListItem","position":2,"name":"Terms of use"}]},{"@type":"WebSite","@id":"https:\/\/www.atelier-alphega.com\/en\/#website","url":"https:\/\/www.atelier-alphega.com\/en\/","name":"Atelier Alphega","description":"Cr\u00e9ation et r\u00e9alisation en \u00e9b\u00e9nisterie depuis 1935","publisher":{"@id":"https:\/\/www.atelier-alphega.com\/en\/#organization"},"potentialAction":[{"@type":"SearchAction","target":{"@type":"EntryPoint","urlTemplate":"https:\/\/www.atelier-alphega.com\/en\/?s={search_term_string}"},"query-input":"required name=search_term_string"}],"inLanguage":"en-US"},{"@type":"Organization","@id":"https:\/\/www.atelier-alphega.com\/en\/#organization","name":"Atelier Alphega","url":"https:\/\/www.atelier-alphega.com\/en\/","logo":{"@type":"ImageObject","inLanguage":"en-US","@id":"https:\/\/www.atelier-alphega.com\/en\/#\/schema\/logo\/image\/","url":"https:\/\/www.atelier-alphega.com\/wp-content\/uploads\/2025\/03\/atelier-alphega.svg","contentUrl":"https:\/\/www.atelier-alphega.com\/wp-content\/uploads\/2025\/03\/atelier-alphega.svg","width":104,"height":45,"caption":"Atelier Alphega"},"image":{"@id":"https:\/\/www.atelier-alphega.com\/en\/#\/schema\/logo\/image\/"},"sameAs":["https:\/\/www.facebook.com\/atelierzorn","https:\/\/www.linkedin.com\/company\/atelier-zorn\/","https:\/\/www.instagram.com\/atelierzorn\/","https:\/\/www.youtube.com\/@atelierzorn"]}]}},"_links":{"self":[{"href":"https:\/\/www.atelier-alphega.com\/en\/wp-json\/wp\/v2\/pages\/772","targetHints":{"allow":["GET"]}}],"collection":[{"href":"https:\/\/www.atelier-alphega.com\/en\/wp-json\/wp\/v2\/pages"}],"about":[{"href":"https:\/\/www.atelier-alphega.com\/en\/wp-json\/wp\/v2\/types\/page"}],"author":[{"embeddable":true,"href":"https:\/\/www.atelier-alphega.com\/en\/wp-json\/wp\/v2\/users\/1"}],"replies":[{"embeddable":true,"href":"https:\/\/www.atelier-alphega.com\/en\/wp-json\/wp\/v2\/comments?post=772"}],"version-history":[{"count":2,"href":"https:\/\/www.atelier-alphega.com\/en\/wp-json\/wp\/v2\/pages\/772\/revisions"}],"predecessor-version":[{"id":860,"href":"https:\/\/www.atelier-alphega.com\/en\/wp-json\/wp\/v2\/pages\/772\/revisions\/860"}],"wp:attachment":[{"href":"https:\/\/www.atelier-alphega.com\/en\/wp-json\/wp\/v2\/media?parent=772"}],"curies":[{"name":"wp","href":"https:\/\/api.w.org\/{rel}","templated":true}]}}